{"id":326,"date":"2015-06-16T15:52:01","date_gmt":"2015-06-16T13:52:01","guid":{"rendered":"https:\/\/minidealer.mini.intesys.it\/offertedilavoro\/?page_id=326"},"modified":"2019-12-12T09:56:45","modified_gmt":"2019-12-12T08:56:45","slug":"informativa-candidatura","status":"publish","type":"page","link":"https:\/\/minidealer.mini.intesys.it\/offertedilavoro\/informativa-candidatura\/","title":{"rendered":"Informativa Candidatura"},"content":{"rendered":"<p>&nbsp;<\/p>\n<p style=\"text-align: center;\"><strong>Informativa<\/strong><strong> e consenso al trattamento dei dati personali<\/strong><\/p>\n<p style=\"text-align: center;\"><strong>ai sensi del Regolamento (UE) 2016\/679 sulla protezione dei dati personali, di seguito anche solo \u201cGDPR\u201d e del D.lgs. 196\/2003, cos\u00ec come modificato dal D.lgs. 101\/2018<\/strong><\/p>\n<p><strong>\u00a0<\/strong><\/p>\n<p>Ai sensi del GDPR, BMW Italia S.p.A., con sede in Via della Unione Europea, 1, San Donato Milanese (MI) (di seguito anche solo la \u201c<strong>Societ\u00e0<\/strong>\u201d o il \u201c<strong>Titolare<\/strong>\u201d) con la presente Le fornisce l\u2019informativa relativa al trattamento dei Suoi \u201c<strong>Dati Personali<\/strong>\u201d, ivi incluse Sue eventuali \u201c<strong>Categorie particolari di dati personali<\/strong>\u201d, come definiti dal GDPR e di seguito meglio specificati.<\/p>\n<p>I Dati Personali e le Categorie particolari di dati personali congiuntamente vengono di seguito indicati come \u201cDati\u201d.<\/p>\n<p><strong>\u00a0<\/strong><\/p>\n<ol>\n<li><strong> Categorie di Dati trattati, finalit\u00e0 e modalit\u00e0 di <\/strong><strong>trattamento e base giuridica <\/strong><\/li>\n<\/ol>\n<p>La Societ\u00e0 La informa che potr\u00e0 raccogliere le seguenti categorie di Dati che La riguardano, da Lei volontariamente forniti, mediante la compilazione delle sezioni \u201cPosizioni Aperte\u201d, \u201cCandidatura Spontanea\u201d, \u201cArea Candidato\u201d :<\/p>\n<ul>\n<li>Dati anagrafici e di contatto (nome, cognome, email, numero di telefono);<\/li>\n<li>Altri dati personali (informazioni contenute all\u2019interno del Suo CV, sesso, citt\u00e0 di domicilio\/residenza, CAP);<\/li>\n<li>eventuali Categorie particolari di dati personali (con esclusivo riferimento all\u2019appartenenza a categorie protette per le posizioni dedicate a tali figure);<\/li>\n<\/ul>\n<p>Tali Dati saranno trattati unicamente per:<\/p>\n<p>&nbsp;<\/p>\n<ol>\n<li>a) finalit\u00e0 strettamente connesse e strumentali alla valutazione del Suo profilo al fine di sottoporre la Sua candidatura ad uno o pi\u00f9 dei Concessionari appartenenti alla rete di vendita di BMW Italia S.p.A. che hanno aderito al servizio di ricerca e selezione del personale offerto attraverso i siti internet <a href=\"http:\/\/www.bmwdealer.it\">bmwdealer.it<\/a> o <a href=\"http:\/\/www.minidealer.it\">www.minidealer.it<\/a>, nonch\u00e9, con riferimento alle eventuali Categorie particolari di dati personali, per adempiere specifici obblighi ed esercitare specifici diritti in materia di diritto del lavoro e della sicurezza e protezione sociale.<\/li>\n<\/ol>\n<p><strong>Base giuridica:<\/strong> esecuzione di misure precontrattuali su richiesta dell\u2019interessato. Il conferimento di tali Dati \u00e8 obbligatorio poich\u00e9 in difetto la Societ\u00e0 si trover\u00e0 nell\u2019impossibilit\u00e0 di porre in essere gli adempimenti connessi alla procedura di selezione.<\/p>\n<p>&nbsp;<\/p>\n<ol>\n<li>b) effettuare analisi statistiche per usi interni alla Societ\u00e0 inerenti le candidature raccolte.<\/li>\n<\/ol>\n<p><strong>Base giuridica<\/strong>: interesse legittimo della Societ\u00e0 di verificare l\u2019efficacia delle campagne di recruitment finalizzate a supportare la rete ufficiale di vendita attraverso l\u2019individuazione di profili idonei. Il conferimento dei Dati per tale finalit\u00e0 \u00e8 obbligatorio poich\u00e9 in difetto la Societ\u00e0 si trover\u00e0 nell\u2019impossibilit\u00e0 di effettuare analisi statistiche relative alle candidature raccolte.<\/p>\n<p><strong>\u00a0<\/strong><\/p>\n<ol start=\"2\">\n<li><strong> Modalit\u00e0 di trattamento dei Dati Personali <\/strong><\/li>\n<\/ol>\n<p>Il trattamento dei Suoi Dati Personali potr\u00e0 effettuarsi con o senza l\u2019ausilio di strumenti elettronici o comunque automatizzati, informatici o telematici, con logiche strettamente correlate alle finalit\u00e0 indicate e, in ogni caso, in modo da garantire la sicurezza e la riservatezza dei dati stessi.<\/p>\n<p>&nbsp;<\/p>\n<ol start=\"3\">\n<li><strong> Comunicazione dei Dati Personali <\/strong><\/li>\n<\/ol>\n<p>Ferme restando le comunicazioni effettuate in esecuzione di obblighi di legge, i Dati da Lei forniti potranno essere comunicati ai seguenti soggetti:<\/p>\n<ol>\n<li><em>ai C<\/em><em>oncessionari appartenenti alla rete di vendita di BMW Italia S.p.A. che hanno aderito al servizio di ricerca e selezione del personale offerto attraverso i siti internet <\/em><a href=\"http:\/\/www.bmwdealer.it\"><em>bmwdealer.it<\/em><\/a><em> e <\/em><a href=\"http:\/\/www.minidealer\"><em>www.minidealer<\/em><\/a><em>.it<\/em><\/li>\n<\/ol>\n<p>Ai Suoi Dati potr\u00e0, inoltre, avere accesso il personale della Societ\u00e0, debitamente istruito, appartenente all\u2019ufficio \u201cDealer Net qualification\u201d, nonch\u00e9 le societ\u00e0 esterne di selezione del personale ed il provider del sito web, appositamente nominate \u201cResponsabili del Trattamento\u201d di cui si avvale la Societ\u00e0, sempre per le finalit\u00e0 sopra indicate, la cui lista \u00e8 a Sua disposizione, previa richiesta, presso la sede della Societ\u00e0. I Dati non saranno invece soggetti a diffusione, salvi i casi previsti dalla legge.<\/p>\n<p>&nbsp;<\/p>\n<ol start=\"4\">\n<li><strong> Durata del trattamento<\/strong><\/li>\n<\/ol>\n<p>La Societ\u00e0 provveder\u00e0 alla cancellazione dei Suoi Dati quando il trattamento dei medesimi non sar\u00e0 pi\u00f9 necessario per la finalit\u00e0 per la quale sono stati raccolti e comunque non oltre sei mesi dalla loro raccolta. In prossimit\u00e0 della scadenza di tale termine di conservazione, sar\u00e0 cura della Societ\u00e0 contattarLa per chiederLe se sia ancora di Suo interesse rimanere nei database di BMW Italia S.p.A. per un ulteriore periodo di sei mesi, al fine di poterLe sottoporre nuove opportunit\u00e0 di lavoro. I Suoi dati saranno pertanto conservati per i successivi sei mesi solo in caso di Suo eventuale consenso, il quale potr\u00e0 essere revocato in ogni momento con effetto futuro contattando la Societ\u00e0 agli indirizzi di seguito indicati.<\/p>\n<p><strong>\u00a0<\/strong><\/p>\n<ol start=\"5\">\n<li><strong> Titolare del trattamento<\/strong><\/li>\n<\/ol>\n<p>La informiamo che il Titolare del trattamento \u00e8 BMW Italia S.p.A. con sede in Via Dell\u2019Unione Europea, 1 \u2013 20097 San Donato Milanese (MI), reperibile ai recapiti della Societ\u00e0 nonch\u00e9 all\u2019indirizzo E-mail: <a href=\"mailto:GDPR.Dealerqualification@bmw.it\">GDPR.Dealerqualification@bmw.it<\/a> , cui potr\u00e0 rivolgersi per esercitare i diritti previsti dal GDPR. Il Responsabile della Protezione dei Dati \u00e8 invece contattabile all\u2019indirizzo e-mail: <a href=\"mailto:Rpd.Italia@bmw.it\">Rpd.Italia@bmw.it\u00a0<\/a>.<\/p>\n<p>&nbsp;<\/p>\n<ol start=\"6\">\n<li><strong> Diritti di cui al GDPR: <\/strong><\/li>\n<\/ol>\n<p>Ai sensi del GDPR, la Societ\u00e0 La informa altres\u00ec che \u2013 ove ne sussistano le condizioni \u2013 Lei potr\u00e0 esercitare i seguenti diritti, quali:<\/p>\n<ol>\n<li>l\u2019accesso ai Suoi Dati;<\/li>\n<li>la copia dei Dati che Lei ci ha fornito (c.d. portabilit\u00e0);<\/li>\n<li>la rettifica dei Dati in possesso della Societ\u00e0;<\/li>\n<li>la cancellazione di qualsiasi Dato per il quale non sussista pi\u00f9 alcun presupposto giuridico per il trattamento;<\/li>\n<li>la revoca del Suo consenso nel caso in cui il trattamento sia fondato sul consenso;<\/li>\n<li>la limitazione del modo in cui trattiamo i Suoi Dati, nei limiti previsti dalla normativa a tutela dei dati personali.<\/li>\n<\/ol>\n<p>&nbsp;<\/p>\n<p><u>Diritto di opposizione: <\/u>oltre ai diritti in precedenza elencati, Lei ha la facolt\u00e0 di opporsi in qualsiasi momento, per motivi connessi alla Sua situazione particolare, al trattamento dei Suoi Dati svolto dal Titolare per il perseguimento del proprio legittimo interesse.<\/p>\n<p>L\u2019esercizio di tali diritti \u00e8 gratuito e non \u00e8 soggetto a vincoli di carattere formale, ma soggiace ad alcune eccezioni finalizzate alla salvaguardia dell\u2019interesse pubblico (ad esempio la prevenzione o l\u2019identificazione di crimini) e di interessi della Societ\u00e0 (ad esempio il mantenimento del segreto professionale). Nel caso in cui Lei esercitasse uno qualsiasi dei summenzionati diritti, sar\u00e0 onere della Societ\u00e0 verificare che Lei sia legittimato ad esercitarlo e darLe riscontro, di regola, entro un mese.<\/p>\n<p>Nel caso ritenga che il trattamento dei Dati a Lei riferiti avvenga in violazione di quanto previsto dal GDPR ha il diritto di proporre reclamo al Garante per la protezione dei dati personali, utilizzando i riferimenti disponibili sul sito internet <a href=\"http:\/\/www.garanteprivacy.it\">www.garanteprivacy.it<\/a>, o di adire le opportune sedi giudiziarie.<\/p>\n<p>&nbsp;<\/p>\n","protected":false},"excerpt":{"rendered":"<p>&nbsp; Informativa e consenso al trattamento dei dati personali ai sensi del Regolamento (UE) 2016\/679 sulla protezione dei dati personali, di seguito anche solo \u201cGDPR\u201d e del D.lgs. 196\/2003, cos\u00ec come modificato dal D.lgs. 101\/2018 \u00a0 Ai sensi del GDPR, BMW Italia S.p.A., con sede in Via della Unione Europea, 1, San Donato Milanese (MI)&hellip;<\/p>\n","protected":false},"author":1,"featured_media":0,"parent":0,"menu_order":0,"comment_status":"closed","ping_status":"closed","template":"","meta":{"_acf_changed":false,"footnotes":""},"class_list":["post-326","page","type-page","status-publish","hentry"],"acf":[],"yoast_head":"<!-- This site is optimized with the Yoast SEO plugin v27.0 - https:\/\/yoast.com\/product\/yoast-seo-wordpress\/ -->\n<title>Informativa Candidatura - Lavorare nella Rete MINI<\/title>\n<meta name=\"robots\" content=\"index, follow, max-snippet:-1, max-image-preview:large, max-video-preview:-1\" \/>\n<link rel=\"canonical\" href=\"https:\/\/minidealer.mini.intesys.it\/offertedilavoro\/informativa-candidatura\/\" \/>\n<meta property=\"og:locale\" content=\"it_IT\" \/>\n<meta property=\"og:type\" content=\"article\" \/>\n<meta property=\"og:title\" content=\"Informativa Candidatura - Lavorare nella Rete MINI\" \/>\n<meta property=\"og:description\" content=\"&nbsp; Informativa e consenso al trattamento dei dati personali ai sensi del Regolamento (UE) 2016\/679 sulla protezione dei dati personali, di seguito anche solo \u201cGDPR\u201d e del D.lgs. 196\/2003, cos\u00ec come modificato dal D.lgs. 101\/2018 \u00a0 Ai sensi del GDPR, BMW Italia S.p.A., con sede in Via della Unione Europea, 1, San Donato Milanese (MI)&hellip;\" \/>\n<meta property=\"og:url\" content=\"https:\/\/minidealer.mini.intesys.it\/offertedilavoro\/informativa-candidatura\/\" \/>\n<meta property=\"og:site_name\" content=\"Lavorare nella Rete MINI\" \/>\n<meta property=\"article:modified_time\" content=\"2019-12-12T08:56:45+00:00\" \/>\n<meta name=\"twitter:card\" content=\"summary_large_image\" \/>\n<meta name=\"twitter:label1\" content=\"Tempo di lettura stimato\" \/>\n\t<meta name=\"twitter:data1\" content=\"5 minuti\" \/>\n<script type=\"application\/ld+json\" class=\"yoast-schema-graph\">{\"@context\":\"https:\/\/schema.org\",\"@graph\":[{\"@type\":\"WebPage\",\"@id\":\"https:\/\/minidealer.mini.intesys.it\/offertedilavoro\/informativa-candidatura\/\",\"url\":\"https:\/\/minidealer.mini.intesys.it\/offertedilavoro\/informativa-candidatura\/\",\"name\":\"Informativa Candidatura - Lavorare nella Rete MINI\",\"isPartOf\":{\"@id\":\"https:\/\/minidealer.mini.intesys.it\/offertedilavoro\/#website\"},\"datePublished\":\"2015-06-16T13:52:01+00:00\",\"dateModified\":\"2019-12-12T08:56:45+00:00\",\"breadcrumb\":{\"@id\":\"https:\/\/minidealer.mini.intesys.it\/offertedilavoro\/informativa-candidatura\/#breadcrumb\"},\"inLanguage\":\"it-IT\",\"potentialAction\":[{\"@type\":\"ReadAction\",\"target\":[\"https:\/\/minidealer.mini.intesys.it\/offertedilavoro\/informativa-candidatura\/\"]}]},{\"@type\":\"BreadcrumbList\",\"@id\":\"https:\/\/minidealer.mini.intesys.it\/offertedilavoro\/informativa-candidatura\/#breadcrumb\",\"itemListElement\":[{\"@type\":\"ListItem\",\"position\":1,\"name\":\"Home\",\"item\":\"https:\/\/minidealer.mini.intesys.it\/offertedilavoro\/\"},{\"@type\":\"ListItem\",\"position\":2,\"name\":\"Informativa Candidatura\"}]},{\"@type\":\"WebSite\",\"@id\":\"https:\/\/minidealer.mini.intesys.it\/offertedilavoro\/#website\",\"url\":\"https:\/\/minidealer.mini.intesys.it\/offertedilavoro\/\",\"name\":\"Lavorare nella Rete MINI\",\"description\":\"\",\"potentialAction\":[{\"@type\":\"SearchAction\",\"target\":{\"@type\":\"EntryPoint\",\"urlTemplate\":\"https:\/\/minidealer.mini.intesys.it\/offertedilavoro\/?s={search_term_string}\"},\"query-input\":{\"@type\":\"PropertyValueSpecification\",\"valueRequired\":true,\"valueName\":\"search_term_string\"}}],\"inLanguage\":\"it-IT\"}]}<\/script>\n<!-- \/ Yoast SEO plugin. -->","yoast_head_json":{"title":"Informativa Candidatura - Lavorare nella Rete MINI","robots":{"index":"index","follow":"follow","max-snippet":"max-snippet:-1","max-image-preview":"max-image-preview:large","max-video-preview":"max-video-preview:-1"},"canonical":"https:\/\/minidealer.mini.intesys.it\/offertedilavoro\/informativa-candidatura\/","og_locale":"it_IT","og_type":"article","og_title":"Informativa Candidatura - Lavorare nella Rete MINI","og_description":"&nbsp; Informativa e consenso al trattamento dei dati personali ai sensi del Regolamento (UE) 2016\/679 sulla protezione dei dati personali, di seguito anche solo \u201cGDPR\u201d e del D.lgs. 196\/2003, cos\u00ec come modificato dal D.lgs. 101\/2018 \u00a0 Ai sensi del GDPR, BMW Italia S.p.A., con sede in Via della Unione Europea, 1, San Donato Milanese (MI)&hellip;","og_url":"https:\/\/minidealer.mini.intesys.it\/offertedilavoro\/informativa-candidatura\/","og_site_name":"Lavorare nella Rete MINI","article_modified_time":"2019-12-12T08:56:45+00:00","twitter_card":"summary_large_image","twitter_misc":{"Tempo di lettura stimato":"5 minuti"},"schema":{"@context":"https:\/\/schema.org","@graph":[{"@type":"WebPage","@id":"https:\/\/minidealer.mini.intesys.it\/offertedilavoro\/informativa-candidatura\/","url":"https:\/\/minidealer.mini.intesys.it\/offertedilavoro\/informativa-candidatura\/","name":"Informativa Candidatura - Lavorare nella Rete MINI","isPartOf":{"@id":"https:\/\/minidealer.mini.intesys.it\/offertedilavoro\/#website"},"datePublished":"2015-06-16T13:52:01+00:00","dateModified":"2019-12-12T08:56:45+00:00","breadcrumb":{"@id":"https:\/\/minidealer.mini.intesys.it\/offertedilavoro\/informativa-candidatura\/#breadcrumb"},"inLanguage":"it-IT","potentialAction":[{"@type":"ReadAction","target":["https:\/\/minidealer.mini.intesys.it\/offertedilavoro\/informativa-candidatura\/"]}]},{"@type":"BreadcrumbList","@id":"https:\/\/minidealer.mini.intesys.it\/offertedilavoro\/informativa-candidatura\/#breadcrumb","itemListElement":[{"@type":"ListItem","position":1,"name":"Home","item":"https:\/\/minidealer.mini.intesys.it\/offertedilavoro\/"},{"@type":"ListItem","position":2,"name":"Informativa Candidatura"}]},{"@type":"WebSite","@id":"https:\/\/minidealer.mini.intesys.it\/offertedilavoro\/#website","url":"https:\/\/minidealer.mini.intesys.it\/offertedilavoro\/","name":"Lavorare nella Rete MINI","description":"","potentialAction":[{"@type":"SearchAction","target":{"@type":"EntryPoint","urlTemplate":"https:\/\/minidealer.mini.intesys.it\/offertedilavoro\/?s={search_term_string}"},"query-input":{"@type":"PropertyValueSpecification","valueRequired":true,"valueName":"search_term_string"}}],"inLanguage":"it-IT"}]}},"_links":{"self":[{"href":"https:\/\/minidealer.mini.intesys.it\/offertedilavoro\/wp-json\/wp\/v2\/pages\/326","targetHints":{"allow":["GET"]}}],"collection":[{"href":"https:\/\/minidealer.mini.intesys.it\/offertedilavoro\/wp-json\/wp\/v2\/pages"}],"about":[{"href":"https:\/\/minidealer.mini.intesys.it\/offertedilavoro\/wp-json\/wp\/v2\/types\/page"}],"author":[{"embeddable":true,"href":"https:\/\/minidealer.mini.intesys.it\/offertedilavoro\/wp-json\/wp\/v2\/users\/1"}],"replies":[{"embeddable":true,"href":"https:\/\/minidealer.mini.intesys.it\/offertedilavoro\/wp-json\/wp\/v2\/comments?post=326"}],"version-history":[{"count":5,"href":"https:\/\/minidealer.mini.intesys.it\/offertedilavoro\/wp-json\/wp\/v2\/pages\/326\/revisions"}],"predecessor-version":[{"id":1256,"href":"https:\/\/minidealer.mini.intesys.it\/offertedilavoro\/wp-json\/wp\/v2\/pages\/326\/revisions\/1256"}],"wp:attachment":[{"href":"https:\/\/minidealer.mini.intesys.it\/offertedilavoro\/wp-json\/wp\/v2\/media?parent=326"}],"curies":[{"name":"wp","href":"https:\/\/api.w.org\/{rel}","templated":true}]}}